{"id":2908,"date":"2025-05-15T08:23:09","date_gmt":"2025-05-15T08:23:09","guid":{"rendered":"https:\/\/uiag.info\/?page_id=2908"},"modified":"2025-08-27T12:06:26","modified_gmt":"2025-08-27T12:06:26","slug":"changement-de-primaute-2026","status":"publish","type":"page","link":"https:\/\/uiag.info\/fr\/changement-de-primaute-2026\/","title":{"rendered":"Changement de primaut\u00e9 2026"},"content":{"rendered":"<h2>Passage de la primaut\u00e9 des prestations \u00e0 la primaut\u00e9 des cotisations au 1er janvier 2026<\/h2>\n<p>Le 1er janvier 2026, la FPP UIAG fera passer son syst\u00e8me de pr\u00e9voyance de la primaut\u00e9 des prestations \u00e0 la primaut\u00e9 des cotisations.<\/p>\n<p>Avec la primaut\u00e9 des cotisations, la pr\u00e9voyance vieillesse fonctionne comme une caisse d&rsquo;\u00e9pargne. Cela permet \u00e9galement de mettre en \u0153uvre des <strong>formes de travail flexibles<\/strong>, des modifications du <strong>taux d&rsquo;occupation<\/strong> et des <strong>rachats<\/strong> dans la pr\u00e9voyance de mani\u00e8re plus simple et plus compr\u00e9hensible que dans la primaut\u00e9 des prestations.<\/p>\n<p>Dans la primaut\u00e9 des cotisations, le montant de la rente de vieillesse est <strong>calcul\u00e9 \u00e0 partir de l&rsquo;avoir de<\/strong> <strong>vieillesse \u00e9pargn\u00e9<\/strong> jusqu&rsquo;\u00e0 la retraite.<\/p>\n<p>En revanche, dans la primaut\u00e9 des prestations, le montant de la rente de vieillesse d\u00e9pend du dernier salaire assur\u00e9.<\/p>\n<p>Dans le cadre de ce changement, il est \u00e0 noter une s\u00e9rie d&rsquo;adaptations dans le <strong>r\u00e8glement de pr\u00e9voyance<\/strong>.<\/p>\n<hr \/>\n<div id=\"raisons\">\n<h3><strong>Raisons du changement<\/strong><\/h3>\n<p>Du point de vue du financement, la primaut\u00e9 des cotisations est globalement plus <strong>transparente<\/strong> en ce qui concerne la constitution du capital d&rsquo;\u00e9pargne et les cotisations. En cas d&rsquo;adaptation du salaire ou du taux d&rsquo;occupation, les versements compl\u00e9mentaires ont parfois entra\u00een\u00e9 par le pass\u00e9 des charges suppl\u00e9mentaires non souhait\u00e9es.<\/p>\n<p>La primaut\u00e9 des cotisations est mieux adapt\u00e9e au <strong>march\u00e9 du travail actuel<\/strong>, o\u00f9 les changements de taux d&rsquo;occupation ou d&#8217;employeur sont fr\u00e9quents, elle permettra \u00e0 l&rsquo;avenir de mettre en \u0153uvre <strong>d&rsquo;autres options individuelles<\/strong> pour les assur\u00e9s.<\/p>\n<p>En outre, la primaut\u00e9 des prestations, qui \u00e9tait autrefois la forme dominante de la pr\u00e9voyance vieillesse, est devenue un produit de niche. Ainsi, seuls 6% environ des caisses en Suisse sont aujourd&rsquo;hui en primaut\u00e9 des prestations. Il est donc de plus en plus difficile de trouver \u00e0 la fois du personnel qualifi\u00e9 et des logiciels de gestion adapt\u00e9s, ce qui complique et rench\u00e9rit encore l&rsquo;administration de la caisse.<\/p>\n<hr \/>\n<div id=\"change\">\n<h3><strong>Ce qui change<\/strong><\/h3>\n<p>Le calcul du salaire assur\u00e9 est simplifi\u00e9 par l&rsquo;application d&rsquo;une <strong>d\u00e9duction de coordination unique<\/strong>, li\u00e9e comme auparavant au taux d&rsquo;occupation.<\/p>\n<p>Les <strong>cotisations d&rsquo;\u00e9pargne seront plus \u00e9lev\u00e9es<\/strong>, tandis que les <strong>cotisations de risque et de frais seront plus faibles<\/strong>. Le <strong>co\u00fbt total<\/strong> des cotisations des assur\u00e9s et des entreprises <strong>reste identique<\/strong>.<\/p>\n<p>Dans la primaut\u00e9 des cotisations, ce n&rsquo;est plus le dernier salaire assur\u00e9 qui d\u00e9termine le montant de la rente, mais l&rsquo;avoir de vieillesse \u00e9pargn\u00e9 multipli\u00e9 par le taux de conversion. L&rsquo;avoir de vieillesse se compose des cotisations et des int\u00e9r\u00eats. Alors que les cotisations pour les assur\u00e9s et les entreprises sont fix\u00e9es par le r\u00e8glement en tant que pourcentage du salaire assur\u00e9, les int\u00e9r\u00eats sont d\u00e9termin\u00e9s chaque ann\u00e9e par le conseil de fondation sur la base de la situation financi\u00e8re de la caisse de pension.<\/p>\n<hr \/>\n<div id=\"changepas\">\n<h3><strong>Ce qui ne change pas<\/strong><\/h3>\n<p><strong>Le niveau des prestations de vieillesse est maintenu<\/strong>. Pour ce faire, des dispositions transitoires visant \u00e0 garantir les <strong>droits acquis<\/strong> seront int\u00e9gr\u00e9es dans le r\u00e8glement et des provisions seront constitu\u00e9es dans la caisse. Cela signifie que, sur la base du salaire et du taux d&rsquo;occupation actuels au 31.12.2025, personne ne paiera des cotisations plus \u00e9lev\u00e9es ou ne verra ses prestations de vieillesse baisser.<\/p>\n<p>Les prestations en cas d&rsquo;incapacit\u00e9 de travail (invalidit\u00e9) et de d\u00e9c\u00e8s sont calcul\u00e9es avec les m\u00eames pourcentages que pr\u00e9c\u00e9demment.<\/p>\n<p>La r\u00e9partition de la charge des cotisations entre les entrepreneurs et les assur\u00e9s reste inchang\u00e9e.<\/p>\n<p><strong>Pour les retrait\u00e9s, rien ne change<\/strong>. La pension est vers\u00e9e comme d&rsquo;habitude, chaque mois, au m\u00eame montant.<\/p>\n<hr \/>\n<div id=\"information\">\n<h3><strong>Downloads<\/strong><\/h3>\n<div id=\"downloads\">\n<p><a href=\"https:\/\/uiag.info\/app\/uploads\/2025\/08\/FAQ-Primatwechsel-2026-FR-V2.0.pdf\" target=\"_blank\" rel=\"noopener\">FAQ en PDF<\/a><\/p>\n<p>L\u2019enregistrement et les diapositives de pr\u00e9sentation de la s\u00e9ance d\u2019information du 10 juin 2025 sont disponibles dans <a href=\"https:\/\/uiag.info\/fr\/espace-membres\/\">l\u2019espace membres<\/a>.<\/p>\n<\/div>\n<\/div>\n<\/div>\n<\/div>\n<\/div>\n","protected":false},"excerpt":{"rendered":"<p>Passage de la primaut\u00e9 des prestations \u00e0 la primaut\u00e9 des cotisations au 1er janvier 2026 Le 1er janvier 2026, la FPP UIAG fera passer son syst\u00e8me de pr\u00e9voyance de la primaut\u00e9 des prestations \u00e0 la primaut\u00e9 des cotisations. Avec la primaut\u00e9 des cotisations, la pr\u00e9voyance vieillesse fonctionne comme une caisse d&rsquo;\u00e9pargne. Cela permet \u00e9galement de [&hellip;]<\/p>\n","protected":false},"author":5,"featured_media":1272,"parent":0,"menu_order":0,"comment_status":"closed","ping_status":"closed","template":"","meta":{"_acf_changed":false,"footnotes":""},"class_list":["post-2908","page","type-page","status-publish","has-post-thumbnail","hentry"],"acf":[],"_links":{"self":[{"href":"https:\/\/uiag.info\/fr\/wp-json\/wp\/v2\/pages\/2908","targetHints":{"allow":["GET"]}}],"collection":[{"href":"https:\/\/uiag.info\/fr\/wp-json\/wp\/v2\/pages"}],"about":[{"href":"https:\/\/uiag.info\/fr\/wp-json\/wp\/v2\/types\/page"}],"author":[{"embeddable":true,"href":"https:\/\/uiag.info\/fr\/wp-json\/wp\/v2\/users\/5"}],"replies":[{"embeddable":true,"href":"https:\/\/uiag.info\/fr\/wp-json\/wp\/v2\/comments?post=2908"}],"version-history":[{"count":13,"href":"https:\/\/uiag.info\/fr\/wp-json\/wp\/v2\/pages\/2908\/revisions"}],"predecessor-version":[{"id":3010,"href":"https:\/\/uiag.info\/fr\/wp-json\/wp\/v2\/pages\/2908\/revisions\/3010"}],"wp:featuredmedia":[{"embeddable":true,"href":"https:\/\/uiag.info\/fr\/wp-json\/wp\/v2\/media\/1272"}],"wp:attachment":[{"href":"https:\/\/uiag.info\/fr\/wp-json\/wp\/v2\/media?parent=2908"}],"curies":[{"name":"wp","href":"https:\/\/api.w.org\/{rel}","templated":true}]}}