{"id":820,"date":"2017-12-01T08:27:02","date_gmt":"2017-12-01T08:27:02","guid":{"rendered":"https:\/\/uiag.info\/?page_id=820"},"modified":"2020-07-23T09:08:03","modified_gmt":"2020-07-23T09:08:03","slug":"cordiale-bienvenue","status":"publish","type":"page","link":"https:\/\/uiag.info\/fr\/","title":{"rendered":"Cordiale bienvenue!"},"content":{"rendered":"<h2><strong>Bienvenue sur le site Internet des Fondations de pr\u00e9voyance <\/strong> UIAG<\/h2>\n<p>Sur ce site Internet figurent les principales informations concernant la <strong>Fondation de pr\u00e9voyance en faveur du personnel UIAG<\/strong> et la <strong>Fondation de pr\u00e9voyance compl\u00e9mentaire UIAG<\/strong>. Vous y trouverez des explications sur le plan de pr\u00e9voyance, des renseignements sur les placements, les r\u00e8glements \u00e0 t\u00e9l\u00e9charger, ainsi que des informations sur la structure des fondations. L&rsquo;Espace membres, dont l&rsquo;acc\u00e8s est prot\u00e9g\u00e9 par un mot de passe, vous permet en quelques \u00e9tapes de remplir en ligne toute une s\u00e9rie de formulaires et de les imprimer. Les donn\u00e9es d&rsquo;acc\u00e8s vous sont fournies une fois par an via le certificat de pr\u00e9voyance.<\/p>\n<p>Le <strong>fil d&rsquo;actualit\u00e9s <\/strong>ci-dessous vous tient inform\u00e9 des derni\u00e8res nouveaut\u00e9s et d&rsquo;autres sujets d&rsquo;int\u00e9r\u00eat.<\/p>\n","protected":false},"excerpt":{"rendered":"<p>Bienvenue sur le site Internet des Fondations de pr\u00e9voyance UIAG Sur ce site Internet figurent les principales informations concernant la Fondation de pr\u00e9voyance en faveur du personnel UIAG et la Fondation de pr\u00e9voyance compl\u00e9mentaire UIAG. Vous y trouverez des explications sur le plan de pr\u00e9voyance, des renseignements sur les placements, les r\u00e8glements \u00e0 t\u00e9l\u00e9charger, ainsi [&hellip;]<\/p>\n","protected":false},"author":1,"featured_media":1268,"parent":0,"menu_order":0,"comment_status":"closed","ping_status":"closed","template":"","meta":{"_acf_changed":false,"footnotes":""},"class_list":["post-820","page","type-page","status-publish","has-post-thumbnail","hentry"],"acf":[],"_links":{"self":[{"href":"https:\/\/uiag.info\/fr\/wp-json\/wp\/v2\/pages\/820","targetHints":{"allow":["GET"]}}],"collection":[{"href":"https:\/\/uiag.info\/fr\/wp-json\/wp\/v2\/pages"}],"about":[{"href":"https:\/\/uiag.info\/fr\/wp-json\/wp\/v2\/types\/page"}],"author":[{"embeddable":true,"href":"https:\/\/uiag.info\/fr\/wp-json\/wp\/v2\/users\/1"}],"replies":[{"embeddable":true,"href":"https:\/\/uiag.info\/fr\/wp-json\/wp\/v2\/comments?post=820"}],"version-history":[{"count":11,"href":"https:\/\/uiag.info\/fr\/wp-json\/wp\/v2\/pages\/820\/revisions"}],"predecessor-version":[{"id":1892,"href":"https:\/\/uiag.info\/fr\/wp-json\/wp\/v2\/pages\/820\/revisions\/1892"}],"wp:featuredmedia":[{"embeddable":true,"href":"https:\/\/uiag.info\/fr\/wp-json\/wp\/v2\/media\/1268"}],"wp:attachment":[{"href":"https:\/\/uiag.info\/fr\/wp-json\/wp\/v2\/media?parent=820"}],"curies":[{"name":"wp","href":"https:\/\/api.w.org\/{rel}","templated":true}]}}