{"id":831,"date":"2017-11-24T15:40:56","date_gmt":"2017-11-24T15:40:56","guid":{"rendered":"https:\/\/uiag.info\/?page_id=831"},"modified":"2026-01-26T15:56:36","modified_gmt":"2026-01-26T15:56:36","slug":"placements","status":"publish","type":"page","link":"https:\/\/uiag.info\/fr\/placements\/","title":{"rendered":"Placements"},"content":{"rendered":"<h2>Des placements prudents et rentables.<\/h2>\n<div id=\"Des placements rigoureux et rentables\">\n<p>Pleinement conscients de nos responsabilit\u00e9s, nous pla\u00e7ons la fortune avec une grande minutie, en accordant une attention toute particuli\u00e8re aux crit\u00e8res de <strong>s\u00e9curit\u00e9, <\/strong>de\u00a0<strong>rendement <\/strong> et de <strong>liquidit\u00e9<\/strong>. Nous r\u00e9examinons et optimisons en permanence les strat\u00e9gies de placement choisies.<\/p>\n<div id=\"Principes de placement\">\n<h3>Principes de placement<\/h3>\n<h4>Ventilation de la fortune globale<\/h4>\n<p><img loading=\"lazy\" decoding=\"async\" class=\"wp-image-3074 size-large alignnone\" src=\"https:\/\/uiag.info\/app\/uploads\/2026\/01\/Aufteilung-Gesamtvermoegen-fr-1024x702.png\" alt=\"\" width=\"1024\" height=\"702\" srcset=\"https:\/\/uiag.info\/app\/uploads\/2026\/01\/Aufteilung-Gesamtvermoegen-fr-768x527.png 768w, https:\/\/uiag.info\/app\/uploads\/2026\/01\/Aufteilung-Gesamtvermoegen-fr-1024x702.png 1024w, https:\/\/uiag.info\/app\/uploads\/2026\/01\/Aufteilung-Gesamtvermoegen-fr-480x329.png 480w\" sizes=\"auto, (max-width: 1024px) 100vw, 1024px\" \/><\/p>\n<p>Les placements effectu\u00e9s visent \u00e0 assurer le financement des prestations de pr\u00e9voyance en obtenant le meilleur rapport possible entre prestations et cotisations.<\/p>\n<\/div>\n<p>La fortune doit \u00eatre plac\u00e9e de fa\u00e7on \u00e0 garantir la r\u00e9alisation des objectifs de pr\u00e9voyance.<\/p>\n<p>Les strat\u00e9gies de placement (voir r\u00e8glements) sont d\u00e9termin\u00e9es en tenant compte de la capacit\u00e9 de risque des caisses de pension. La fortune est ainsi investie essentiellement dans des cat\u00e9gories de placements liquides et ais\u00e9ment n\u00e9gociables, dans divers march\u00e9s, devises et secteurs, de m\u00eame que dans des placements dont le rendement global est conforme au march\u00e9.<\/p>\n<hr \/>\n<h3>Organisation de la gestion<\/h3>\n<div id=\"Organisation de la gestion\">\n<p><img loading=\"lazy\" decoding=\"async\" class=\"wp-image-911 size-large alignleft\" src=\"https:\/\/uiag.info\/app\/uploads\/2017\/11\/Anlageorganisation_fr-1024x524.png\" alt=\"\" width=\"1024\" height=\"524\" srcset=\"https:\/\/uiag.info\/app\/uploads\/2017\/11\/Anlageorganisation_fr-1024x524.png 1024w, https:\/\/uiag.info\/app\/uploads\/2017\/11\/Anlageorganisation_fr-768x393.png 768w\" sizes=\"auto, (max-width: 1024px) 100vw, 1024px\" \/><\/p>\n<div>\n<p>Les missions de l&rsquo;organisation de la gestion (conseil de fondation, comit\u00e9 de placement, direction) reposent sur les <strong>r\u00e8glements relatifs aux placements <\/strong>(voir T\u00e9l\u00e9chargements). La gestion de la fortune vise en premier lieu et exclusivement la <strong>sauvegarde des int\u00e9r\u00eats financiers des b\u00e9n\u00e9ficiaires<\/strong>.<\/p>\n<\/div>\n<div style=\"text-align: center;\"><\/div>\n<div><\/div>\n<div><\/div>\n<div><\/div>\n<div><\/div>\n<div><\/div>\n<div><\/div>\n<div><\/div>\n<div><\/div>\n<div><\/div>\n<div><\/div>\n<div><\/div>\n<div><\/div>\n<div><\/div>\n<div><\/div>\n<div><\/div>\n<div><\/div>\n<div><\/div>\n<div><\/div>\n<hr \/>\n<div id=\"Reporting sur les placements\">\n<h3>Reporting sur les placements<\/h3>\n<p>Le reporting actuel sur les placements est \u00e0 retrouver dans votre <a href=\"https:\/\/uiag.info\/fr\/espace-membres\/\">Espace membres<\/a>.<\/p>\n<div id=\"zusatzvorsorgestiftung\">\n<hr \/>\n<div id=\"T\u00e9l\u00e9chargements\">\n<h3 id=\"zusatzvorsorgestiftung\">T\u00e9l\u00e9chargements<\/h3>\n<h4>Fondation de pr\u00e9voyance en faveur du personnel UIAG<\/h4>\n<ul>\n<li><a href=\"https:\/\/uiag.info\/app\/uploads\/2025\/12\/Anlagereglement_PVS_20250901.pdf\" target=\"_blank\" rel=\"noopener\">R\u00e8glement sur les placements &#8211; valable \u00e0 partir du 01.09.2025<\/a><\/li>\n<li><a href=\"https:\/\/uiag.info\/app\/uploads\/2021\/06\/Anlagereglement_PVS_20201231-1.pdf\" target=\"_blank\" rel=\"noopener noreferrer\">R\u00e8glement sur les placements &#8211; valable \u00e0 partir du 31.12.2020<\/a><\/li>\n<li><a href=\"https:\/\/uiag.info\/app\/uploads\/2020\/01\/PVS_Anlagereglement_20191231.pdf\" target=\"_blank\" rel=\"noopener noreferrer\">R\u00e8glement sur les placements &#8211; valable \u00e0 partir du 31.12.2019<\/a><\/li>\n<\/ul>\n<h4>Fondation de pr\u00e9voyance compl\u00e9mentaire UIAG<\/h4>\n<ul>\n<li><a href=\"https:\/\/uiag.info\/app\/uploads\/2023\/02\/ZVS_Anlagereglement_20221231.pdf\" target=\"_blank\" rel=\"noopener noreferrer\">R\u00e8glement sur les placements &#8211; valable \u00e0 partir du 31.12.2022<\/a><\/li>\n<li><a href=\"https:\/\/uiag.info\/app\/uploads\/2021\/06\/Anlagereglement_ZVS_20201231-1.pdf\" target=\"_blank\" rel=\"noopener noreferrer\">R\u00e8glement sur les placements &#8211; valable \u00e0 partir du 31.12.2020<\/a><\/li>\n<\/ul>\n<\/div>\n<\/div>\n<\/div>\n<\/div>\n<\/div>\n","protected":false},"excerpt":{"rendered":"<p>Des placements prudents et rentables. Pleinement conscients de nos responsabilit\u00e9s, nous pla\u00e7ons la fortune avec une grande minutie, en accordant une attention toute particuli\u00e8re aux crit\u00e8res de s\u00e9curit\u00e9, de\u00a0rendement et de liquidit\u00e9. Nous r\u00e9examinons et optimisons en permanence les strat\u00e9gies de placement choisies. Principes de placement Ventilation de la fortune globale Les placements effectu\u00e9s visent [&hellip;]<\/p>\n","protected":false},"author":1,"featured_media":1272,"parent":0,"menu_order":3,"comment_status":"closed","ping_status":"closed","template":"","meta":{"_acf_changed":false,"footnotes":""},"class_list":["post-831","page","type-page","status-publish","has-post-thumbnail","hentry"],"acf":[],"_links":{"self":[{"href":"https:\/\/uiag.info\/fr\/wp-json\/wp\/v2\/pages\/831","targetHints":{"allow":["GET"]}}],"collection":[{"href":"https:\/\/uiag.info\/fr\/wp-json\/wp\/v2\/pages"}],"about":[{"href":"https:\/\/uiag.info\/fr\/wp-json\/wp\/v2\/types\/page"}],"author":[{"embeddable":true,"href":"https:\/\/uiag.info\/fr\/wp-json\/wp\/v2\/users\/1"}],"replies":[{"embeddable":true,"href":"https:\/\/uiag.info\/fr\/wp-json\/wp\/v2\/comments?post=831"}],"version-history":[{"count":34,"href":"https:\/\/uiag.info\/fr\/wp-json\/wp\/v2\/pages\/831\/revisions"}],"predecessor-version":[{"id":3100,"href":"https:\/\/uiag.info\/fr\/wp-json\/wp\/v2\/pages\/831\/revisions\/3100"}],"wp:featuredmedia":[{"embeddable":true,"href":"https:\/\/uiag.info\/fr\/wp-json\/wp\/v2\/media\/1272"}],"wp:attachment":[{"href":"https:\/\/uiag.info\/fr\/wp-json\/wp\/v2\/media?parent=831"}],"curies":[{"name":"wp","href":"https:\/\/api.w.org\/{rel}","templated":true}]}}